{"id":118,"date":"2024-09-10T17:39:12","date_gmt":"2024-09-10T17:39:12","guid":{"rendered":"https:\/\/casarquitectos.mx\/?page_id=118"},"modified":"2026-01-14T12:14:18","modified_gmt":"2026-01-14T12:14:18","slug":"portafolio","status":"publish","type":"page","link":"https:\/\/casarquitectos.mx\/index.php\/portafolio\/","title":{"rendered":"Portafolio Arquitectura"},"content":{"rendered":"\n<h2 class=\"wp-block-heading has-intrace-accent-color has-black-background-color has-text-color has-background has-link-color wp-elements-0f0ee9e1260549e864a7a64087b87b54\">Dise\u00f1o Arquitect\u00f3nico y Ejecuci\u00f3n de Obra<\/h2>\n\n\n\n<ul class=\"wp-block-list has-intrace-accent-color has-black-background-color has-text-color has-background has-link-color wp-elements-94b16b3550e2e215db23f4da942e841a\"><\/ul>\n\n\n\n<div class=\"wp-block-pdf-viewer-block-standard\" style=\"text-align:left\"><div class=\"uploaded-pdf\"><a href=\"https:\/\/casarquitectos.mx\/wp-content\/uploads\/2026\/01\/BREVE-PORTAFOLIO-CAS.pdf\" data-width=\"\" data-height=\"\"><\/a><\/div><\/div>\n\n\n\n<p><\/p>\n","protected":false},"excerpt":{"rendered":"<p>Dise\u00f1o Arquitect\u00f3nico y Ejecuci\u00f3n de Obra<\/p>\n","protected":false},"author":1,"featured_media":0,"parent":0,"menu_order":0,"comment_status":"closed","ping_status":"closed","template":"","meta":{"footnotes":""},"class_list":["post-118","page","type-page","status-publish","hentry"],"_links":{"self":[{"href":"https:\/\/casarquitectos.mx\/index.php\/wp-json\/wp\/v2\/pages\/118","targetHints":{"allow":["GET"]}}],"collection":[{"href":"https:\/\/casarquitectos.mx\/index.php\/wp-json\/wp\/v2\/pages"}],"about":[{"href":"https:\/\/casarquitectos.mx\/index.php\/wp-json\/wp\/v2\/types\/page"}],"author":[{"embeddable":true,"href":"https:\/\/casarquitectos.mx\/index.php\/wp-json\/wp\/v2\/users\/1"}],"replies":[{"embeddable":true,"href":"https:\/\/casarquitectos.mx\/index.php\/wp-json\/wp\/v2\/comments?post=118"}],"version-history":[{"count":12,"href":"https:\/\/casarquitectos.mx\/index.php\/wp-json\/wp\/v2\/pages\/118\/revisions"}],"predecessor-version":[{"id":188,"href":"https:\/\/casarquitectos.mx\/index.php\/wp-json\/wp\/v2\/pages\/118\/revisions\/188"}],"wp:attachment":[{"href":"https:\/\/casarquitectos.mx\/index.php\/wp-json\/wp\/v2\/media?parent=118"}],"curies":[{"name":"wp","href":"https:\/\/api.w.org\/{rel}","templated":true}]}}