{"id":66,"date":"2024-07-03T17:31:19","date_gmt":"2024-07-03T17:31:19","guid":{"rendered":"https:\/\/casarquitectos.mx\/?page_id=66"},"modified":"2026-01-14T02:49:12","modified_gmt":"2026-01-14T02:49:12","slug":"construccion","status":"publish","type":"page","link":"https:\/\/casarquitectos.mx\/index.php\/construccion\/","title":{"rendered":"Construcci\u00f3n"},"content":{"rendered":"\n<p class=\"has-intrace-accent-color has-intrace-primary-background-color has-text-color has-background has-link-color wp-elements-494476a9c61f89e960cfc4ec1bd47cf5\">Construir con Casarquitectos es especialmente valioso en proyectos que requieren dise\u00f1o personalizado, soluci\u00f3n de problemas complejos, o cuando buscas agregar valor a tu propiedad. Nuestra experiencia en dise\u00f1o, normativa y gesti\u00f3n de proyectos puede ayudarte a evitar errores costosos y asegurarte de que el proyecto sea funcional, est\u00e9tico y conforme a la ley.<\/p>\n\n\n\n<p class=\"has-text-align-left has-intrace-primary-color has-text-color has-link-color wp-elements-4233ba6232847053678785742aca8253\"><\/p>\n\n\n\n<div class=\"guten-element guten-gallery guten-vxeIDV layout-overlay grid-desktop-3 grid-tablet-2 grid-mobile-2\" data-grid=\"grid\"><div class=\"gutenverse-popup-gallery hidden\"><div class=\"gallery-header\"><div class=\"left-header\"><\/div><div class=\"right-header\"><svg xmlns=\"http:\/\/www.w3.org\/2000\/svg\" width=\"24\" height=\"24\" viewBox=\"0 0 24 24\" fill=\"none\" stroke=\"currentColor\" stroke-width=\"2\" stroke-linecap=\"round\" stroke-linejoin=\"round\" class=\"icon-fullscreen\"><path d=\"M8 3H5a2 2 0 0 0-2 2v3m18 0V5a2 2 0 0 0-2-2h-3m0 18h3a2 2 0 0 0 2-2v-3M3 16v3a2 2 0 0 0 2 2h3\"><\/path><\/svg><svg xmlns=\"http:\/\/www.w3.org\/2000\/svg\" width=\"24\" height=\"24\" viewBox=\"0 0 24 24\" fill=\"none\" stroke=\"currentColor\" stroke-width=\"2\" stroke-linecap=\"round\" stroke-linejoin=\"round\" class=\"icon-minimize hidden\"><path d=\"M8 3v3a2 2 0 0 1-2 2H3m18 0h-3a2 2 0 0 1-2-2V3m0 18v-3a2 2 0 0 1 2-2h3M3 16h3a2 2 0 0 1 2 2v3\"><\/path><\/svg><svg xmlns=\"http:\/\/www.w3.org\/2000\/svg\" width=\"24\" height=\"24\" viewBox=\"0 0 24 24\" fill=\"none\" stroke=\"currentColor\" stroke-width=\"2\" stroke-linecap=\"round\" stroke-linejoin=\"round\" class=\"icon-zoom\"><circle cx=\"11\" cy=\"11\" r=\"8\"><\/circle><line x1=\"21\" y1=\"21\" x2=\"16.65\" y2=\"16.65\"><\/line><line x1=\"11\" y1=\"8\" x2=\"11\" y2=\"14\"><\/line><line x1=\"8\" y1=\"11\" x2=\"14\" y2=\"11\"><\/line><\/svg><svg xmlns=\"http:\/\/www.w3.org\/2000\/svg\" width=\"24\" height=\"24\" viewBox=\"0 0 24 24\" fill=\"none\" stroke=\"currentColor\" stroke-width=\"2\" stroke-linecap=\"round\" stroke-linejoin=\"round\" class=\"icon-close\"><line x1=\"18\" y1=\"6\" x2=\"6\" y2=\"18\"><\/line><line x1=\"6\" y1=\"6\" x2=\"18\" y2=\"18\"><\/line><\/svg><\/div><\/div><div class=\"gallery-body\"><div class=\"images\"><div id=\"guten-vxeIDV\" class=\"swiper-container\"><div class=\"swiper-wrapper\"><div class=\"swiper-slide image-list image-list-0\" data-filter=\"Two\" data-index=\"0\"><div class=\"content-image swiper-zoom-container\"><img decoding=\"async\" class=\"main-image\" src=\"https:\/\/casarquitectos.mx\/wp-content\/uploads\/2024\/07\/WP_20150911_17_18_37_Pro.jpg\"\/><\/div><\/div><div class=\"swiper-slide image-list image-list-1\" data-filter=\"Three\" data-index=\"1\"><div class=\"content-image swiper-zoom-container\"><img decoding=\"async\" class=\"main-image\" src=\"https:\/\/casarquitectos.mx\/wp-content\/uploads\/2024\/07\/WP_20151111_12_15_01_Pro.jpg\"\/><\/div><\/div><div class=\"swiper-slide image-list image-list-2\" data-filter=\"Four\" data-index=\"2\"><div class=\"content-image swiper-zoom-container\"><img decoding=\"async\" class=\"main-image\" src=\"https:\/\/casarquitectos.mx\/wp-content\/uploads\/2024\/07\/WP_20150917_17_30_32_Pro.jpg\"\/><\/div><\/div><div class=\"swiper-slide image-list image-list-3\" data-filter=\"Five\" data-index=\"3\"><div class=\"content-image swiper-zoom-container\"><img decoding=\"async\" class=\"main-image\" src=\"https:\/\/casarquitectos.mx\/wp-content\/uploads\/2024\/07\/WP_20150827_10_07_59_Pro.jpg\"\/><\/div><\/div><div class=\"swiper-slide image-list image-list-4\" data-filter=\"six\" data-index=\"4\"><div class=\"content-image swiper-zoom-container\"><img decoding=\"async\" class=\"main-image\" src=\"https:\/\/casarquitectos.mx\/wp-content\/uploads\/2024\/07\/20161003_115056.jpg\"\/><\/div><\/div><div class=\"swiper-slide image-list image-list-5\" data-filter=\"siete\" data-index=\"5\"><div class=\"content-image swiper-zoom-container\"><img decoding=\"async\" class=\"main-image\" src=\"https:\/\/casarquitectos.mx\/wp-content\/uploads\/2024\/07\/WP_20150615_12_39_08_Pro.jpg\"\/><\/div><\/div><div class=\"swiper-slide image-list image-list-6\" data-filter=\"ocho\" data-index=\"6\"><div class=\"content-image swiper-zoom-container\"><img decoding=\"async\" class=\"main-image\" src=\"https:\/\/casarquitectos.mx\/wp-content\/uploads\/2024\/07\/WP_20151211_16_36_51_Pro.jpg\"\/><\/div><\/div><\/div><div class=\"swiper-button-prev\"><\/div><div class=\"swiper-button-next\"><\/div><\/div><\/div><\/div><\/div><div class=\"gallery-items\" data-loaded=\"10\" data-more=\"2\" data-max=\"7\"><div class=\"gallery-item-wrap \" data-index=\"0\" data-control=\"Two\"><div class=\"grid-item\"><div class=\"thumbnail-wrap\"><img decoding=\"async\" src=\"https:\/\/casarquitectos.mx\/wp-content\/uploads\/2024\/07\/WP_20150911_17_18_37_Pro.jpg\"\/><div class=\"caption-wrap style-overlay overlay-overlay animated fade-in\"><div class=\"item-hover-bg\"><\/div><div class=\"item-caption-over\"><h5 class=\"item-title\"><\/h5><div class=\"item-content\"><\/div><div class=\"item-buttons\"><div class=\"gallery-link zoom with-text\"><span class=\"item-icon-inner\"><i class=\"fas fa-search-plus\" aria-hidden=\"true\"><\/i><\/span><\/div><a aria-label=\"Link to undefined\" href=\"\" class=\"gallery-link link with-text\"><span class=\"item-icon-inner\"><i class=\"fas fa-link\" aria-hidden=\"true\"><\/i><\/span><\/a><\/div><\/div><div class=\"caption-head\"><\/div><\/div><\/div><\/div><\/div><div class=\"gallery-item-wrap \" data-index=\"1\" data-control=\"Three\"><div class=\"grid-item\"><div class=\"thumbnail-wrap\"><img decoding=\"async\" src=\"https:\/\/casarquitectos.mx\/wp-content\/uploads\/2024\/07\/WP_20151111_12_15_01_Pro.jpg\"\/><div class=\"caption-wrap style-overlay overlay-overlay animated fade-in\"><div class=\"item-hover-bg\"><\/div><div class=\"item-caption-over\"><h5 class=\"item-title\"><\/h5><div class=\"item-content\"><\/div><div class=\"item-buttons\"><div class=\"gallery-link zoom with-text\"><span class=\"item-icon-inner\"><i class=\"fas fa-search-plus\" aria-hidden=\"true\"><\/i><\/span><\/div><a aria-label=\"Link to undefined\" href=\"\" class=\"gallery-link link with-text\"><span class=\"item-icon-inner\"><i class=\"fas fa-link\" aria-hidden=\"true\"><\/i><\/span><\/a><\/div><\/div><div class=\"caption-head\"><\/div><\/div><\/div><\/div><\/div><div class=\"gallery-item-wrap \" data-index=\"2\" data-control=\"Four\"><div class=\"grid-item\"><div class=\"thumbnail-wrap\"><img decoding=\"async\" src=\"https:\/\/casarquitectos.mx\/wp-content\/uploads\/2024\/07\/WP_20150917_17_30_32_Pro.jpg\"\/><div class=\"caption-wrap style-overlay overlay-overlay animated fade-in\"><div class=\"item-hover-bg\"><\/div><div class=\"item-caption-over\"><h5 class=\"item-title\"><\/h5><div class=\"item-content\"><\/div><div class=\"item-buttons\"><div class=\"gallery-link zoom with-text\"><span class=\"item-icon-inner\"><i class=\"fas fa-search-plus\" aria-hidden=\"true\"><\/i><\/span><\/div><a aria-label=\"Link to undefined\" href=\"\" class=\"gallery-link link with-text\"><span class=\"item-icon-inner\"><i class=\"fas fa-link\" aria-hidden=\"true\"><\/i><\/span><\/a><\/div><\/div><div class=\"caption-head\"><\/div><\/div><\/div><\/div><\/div><div class=\"gallery-item-wrap \" data-index=\"3\" data-control=\"Five\"><div class=\"grid-item\"><div class=\"thumbnail-wrap\"><img decoding=\"async\" src=\"https:\/\/casarquitectos.mx\/wp-content\/uploads\/2024\/07\/WP_20150827_10_07_59_Pro.jpg\"\/><div class=\"caption-wrap style-overlay overlay-overlay animated fade-in\"><div class=\"item-hover-bg\"><\/div><div class=\"item-caption-over\"><h5 class=\"item-title\"><\/h5><div class=\"item-content\"><\/div><div class=\"item-buttons\"><div class=\"gallery-link zoom with-text\"><span class=\"item-icon-inner\"><i class=\"fas fa-search-plus\" aria-hidden=\"true\"><\/i><\/span><\/div><a aria-label=\"Link to undefined\" href=\"\" class=\"gallery-link link with-text\"><span class=\"item-icon-inner\"><i class=\"fas fa-link\" aria-hidden=\"true\"><\/i><\/span><\/a><\/div><\/div><div class=\"caption-head\"><\/div><\/div><\/div><\/div><\/div><div class=\"gallery-item-wrap \" data-index=\"4\" data-control=\"six\"><div class=\"grid-item\"><div class=\"thumbnail-wrap\"><img decoding=\"async\" src=\"https:\/\/casarquitectos.mx\/wp-content\/uploads\/2024\/07\/20161003_115056.jpg\"\/><div class=\"caption-wrap style-overlay overlay-overlay animated fade-in\"><div class=\"item-hover-bg\"><\/div><div class=\"item-caption-over\"><h5 class=\"item-title\"><\/h5><div class=\"item-content\"><\/div><div class=\"item-buttons\"><div class=\"gallery-link zoom with-text\"><span class=\"item-icon-inner\"><i class=\"fas fa-search-plus\" aria-hidden=\"true\"><\/i><\/span><\/div><a aria-label=\"Link to undefined\" href=\"\" class=\"gallery-link link with-text\"><span class=\"item-icon-inner\"><i class=\"fas fa-link\" aria-hidden=\"true\"><\/i><\/span><\/a><\/div><\/div><div class=\"caption-head\"><\/div><\/div><\/div><\/div><\/div><div class=\"gallery-item-wrap \" data-index=\"5\" data-control=\"siete\"><div class=\"grid-item\"><div class=\"thumbnail-wrap\"><img decoding=\"async\" src=\"https:\/\/casarquitectos.mx\/wp-content\/uploads\/2024\/07\/WP_20150615_12_39_08_Pro.jpg\"\/><div class=\"caption-wrap style-overlay overlay-overlay animated fade-in\"><div class=\"item-hover-bg\"><\/div><div class=\"item-caption-over\"><h5 class=\"item-title\"><\/h5><div class=\"item-content\"><\/div><div class=\"item-buttons\"><div class=\"gallery-link zoom with-text\"><span class=\"item-icon-inner\"><i class=\"fas fa-search-plus\" aria-hidden=\"true\"><\/i><\/span><\/div><a aria-label=\"Link to undefined\" href=\"\" class=\"gallery-link link with-text\"><span class=\"item-icon-inner\"><i class=\"fas fa-link\" aria-hidden=\"true\"><\/i><\/span><\/a><\/div><\/div><div class=\"caption-head\"><\/div><\/div><\/div><\/div><\/div><div class=\"gallery-item-wrap \" data-index=\"6\" data-control=\"ocho\"><div class=\"grid-item\"><div class=\"thumbnail-wrap\"><img decoding=\"async\" src=\"https:\/\/casarquitectos.mx\/wp-content\/uploads\/2024\/07\/WP_20151211_16_36_51_Pro.jpg\"\/><div class=\"caption-wrap style-overlay overlay-overlay animated fade-in\"><div class=\"item-hover-bg\"><\/div><div class=\"item-caption-over\"><h5 class=\"item-title\"><\/h5><div class=\"item-content\"><\/div><div class=\"item-buttons\"><div class=\"gallery-link zoom with-text\"><span class=\"item-icon-inner\"><i class=\"fas fa-search-plus\" aria-hidden=\"true\"><\/i><\/span><\/div><a aria-label=\"Link to undefined\" href=\"\" class=\"gallery-link link with-text\"><span class=\"item-icon-inner\"><i class=\"fas fa-link\" aria-hidden=\"true\"><\/i><\/span><\/a><\/div><\/div><div class=\"caption-head\"><\/div><\/div><\/div><\/div><\/div><\/div><\/div>\n","protected":false},"excerpt":{"rendered":"<p>Construir con Casarquitectos es especialmente valioso en proyectos que requieren dise\u00f1o personalizado, soluci\u00f3n de problemas complejos, o cuando buscas agregar valor a tu propiedad. Nuestra experiencia en dise\u00f1o, normativa y gesti\u00f3n de proyectos puede ayudarte a evitar errores costosos y asegurarte de que el proyecto sea funcional, est\u00e9tico y conforme a la ley.<\/p>\n","protected":false},"author":1,"featured_media":0,"parent":0,"menu_order":0,"comment_status":"closed","ping_status":"closed","template":"","meta":{"footnotes":""},"class_list":["post-66","page","type-page","status-publish","hentry"],"_links":{"self":[{"href":"https:\/\/casarquitectos.mx\/index.php\/wp-json\/wp\/v2\/pages\/66","targetHints":{"allow":["GET"]}}],"collection":[{"href":"https:\/\/casarquitectos.mx\/index.php\/wp-json\/wp\/v2\/pages"}],"about":[{"href":"https:\/\/casarquitectos.mx\/index.php\/wp-json\/wp\/v2\/types\/page"}],"author":[{"embeddable":true,"href":"https:\/\/casarquitectos.mx\/index.php\/wp-json\/wp\/v2\/users\/1"}],"replies":[{"embeddable":true,"href":"https:\/\/casarquitectos.mx\/index.php\/wp-json\/wp\/v2\/comments?post=66"}],"version-history":[{"count":8,"href":"https:\/\/casarquitectos.mx\/index.php\/wp-json\/wp\/v2\/pages\/66\/revisions"}],"predecessor-version":[{"id":185,"href":"https:\/\/casarquitectos.mx\/index.php\/wp-json\/wp\/v2\/pages\/66\/revisions\/185"}],"wp:attachment":[{"href":"https:\/\/casarquitectos.mx\/index.php\/wp-json\/wp\/v2\/media?parent=66"}],"curies":[{"name":"wp","href":"https:\/\/api.w.org\/{rel}","templated":true}]}}